





























{"id":3948,"date":"2026-02-18T10:43:02","date_gmt":"2026-02-18T13:43:02","guid":{"rendered":"https:\/\/delosarroyos.com\/tienda\/?post_type=product&#038;p=3948"},"modified":"2026-02-18T10:45:03","modified_gmt":"2026-02-18T13:45:03","slug":"cafetera-expreso-smartlife-20-bares-sl-ec5418ndg","status":"publish","type":"product","link":"https:\/\/delosarroyos.com\/tienda\/producto\/cafetera-expreso-smartlife-20-bares-sl-ec5418ndg\/","title":{"rendered":"CAFETERA EXPRESO SMARTLIFE 20 BARES SL- EC5418NDG"},"content":{"rendered":"<p>Tipo de cafetera<br \/>\nDe filtro y c\u00e1psula<br \/>\nPresi\u00f3n 20 bar<br \/>\nJarra de vidrio No<br \/>\nIncluye temporizador No<br \/>\nCon emisi\u00f3n de vapor S\u00ed<br \/>\nCon funci\u00f3n de calentamiento de tazas S\u00ed<\/p>\n","protected":false},"excerpt":{"rendered":"<p>Tipo de cafetera De filtro y c\u00e1psula Presi\u00f3n 20 bar Jarra de vidrio No Incluye temporizador No Con emisi\u00f3n de vapor S\u00ed Con funci\u00f3n de calentamiento de tazas S\u00ed<\/p>\n","protected":false},"featured_media":3949,"template":"","meta":[],"product_brand":[],"product_cat":[15,69,70],"product_tag":[],"class_list":{"0":"post-3948","1":"product","2":"type-product","3":"status-publish","4":"has-post-thumbnail","6":"product_cat-todos-los-productos","7":"product_cat-productos-cocinas","8":"product_cat-productos-electros","10":"first","11":"instock","12":"sold-individually","13":"shipping-taxable","14":"purchasable","15":"product-type-simple"},"_links":{"self":[{"href":"https:\/\/delosarroyos.com\/tienda\/wp-json\/wp\/v2\/product\/3948","targetHints":{"allow":["GET"]}}],"collection":[{"href":"https:\/\/delosarroyos.com\/tienda\/wp-json\/wp\/v2\/product"}],"about":[{"href":"https:\/\/delosarroyos.com\/tienda\/wp-json\/wp\/v2\/types\/product"}],"wp:featuredmedia":[{"embeddable":true,"href":"https:\/\/delosarroyos.com\/tienda\/wp-json\/wp\/v2\/media\/3949"}],"wp:attachment":[{"href":"https:\/\/delosarroyos.com\/tienda\/wp-json\/wp\/v2\/media?parent=3948"}],"wp:term":[{"taxonomy":"product_brand","embeddable":true,"href":"https:\/\/delosarroyos.com\/tienda\/wp-json\/wp\/v2\/product_brand?post=3948"},{"taxonomy":"product_cat","embeddable":true,"href":"https:\/\/delosarroyos.com\/tienda\/wp-json\/wp\/v2\/product_cat?post=3948"},{"taxonomy":"product_tag","embeddable":true,"href":"https:\/\/delosarroyos.com\/tienda\/wp-json\/wp\/v2\/product_tag?post=3948"}],"curies":[{"name":"wp","href":"https:\/\/api.w.org\/{rel}","templated":true}]}}