





























{"id":4005,"date":"2026-03-27T08:19:49","date_gmt":"2026-03-27T11:19:49","guid":{"rendered":"https:\/\/delosarroyos.com\/tienda\/?post_type=product&#038;p=4005"},"modified":"2026-04-24T09:45:25","modified_gmt":"2026-04-24T12:45:25","slug":"lavarropa-midea-inverter-10-5kg-mf200w105wbt-a1","status":"publish","type":"product","link":"https:\/\/delosarroyos.com\/tienda\/producto\/lavarropa-midea-inverter-10-5kg-mf200w105wbt-a1\/","title":{"rendered":"LAVARROPA MIDEA INVERTER 10.5KG MF200W105WBT-A1"},"content":{"rendered":"<p>Marca Midea<br \/>\nPeso Neto 72 kg<br \/>\nPanel de Control Lunar D\u00edal<br \/>\nLavado Econ\u00f3mico S\u00ed<br \/>\nEficiencia Energ\u00e9tica A+++<br \/>\nEficiencia Energ\u00e9tica A<br \/>\nInicio Diferido S\u00ed<br \/>\nDisplay LED<br \/>\nVelocidad de Centrifugado (rpm) 1400 RPM<br \/>\nTipo de carga Frontal<br \/>\nCapacidad de Lavado 10,5 kg<br \/>\nMaterial Tambor Acero inoxidable<br \/>\nTipo de Lavado Europeo<br \/>\nCantidad de Programas 15<br \/>\nProgramas \u00abAlgod\u00f3n Mix Sint\u00e9ticos Jeans 20\u00b0C Antial\u00e9rgico Vapor R\u00e1pido 15 min R\u00e1pido 45 min EEE Edred\u00f3n Lana Enjuague y centrifugado Centrifugado Limpieza de tambor\u00bb<br \/>\nInverter S\u00ed<br \/>\nLavado R\u00e1pido S\u00ed<br \/>\nControl de Temperatura S\u00ed<br \/>\nColor Titanium<br \/>\nDimensiones (ancho x alto x prof.) mm 595 x 850 x 565<\/p>\n","protected":false},"excerpt":{"rendered":"<p>Marca Midea Peso Neto 72 kg Panel de Control Lunar D\u00edal Lavado Econ\u00f3mico S\u00ed Eficiencia Energ\u00e9tica A+++ Eficiencia Energ\u00e9tica A Inicio Diferido S\u00ed Display LED Velocidad de Centrifugado (rpm) 1400 RPM Tipo de carga Frontal Capacidad de Lavado 10,5 kg Material Tambor Acero inoxidable Tipo de Lavado Europeo Cantidad de Programas 15 Programas \u00abAlgod\u00f3n Mix [&#8230;]\n","protected":false},"featured_media":4006,"template":"","meta":[],"product_brand":[],"product_cat":[15,69,123],"product_tag":[],"class_list":{"0":"post-4005","1":"product","2":"type-product","3":"status-publish","4":"has-post-thumbnail","6":"product_cat-todos-los-productos","7":"product_cat-productos-cocinas","8":"product_cat-lavado","10":"first","11":"instock","12":"sold-individually","13":"shipping-taxable","14":"purchasable","15":"product-type-simple"},"_links":{"self":[{"href":"https:\/\/delosarroyos.com\/tienda\/wp-json\/wp\/v2\/product\/4005","targetHints":{"allow":["GET"]}}],"collection":[{"href":"https:\/\/delosarroyos.com\/tienda\/wp-json\/wp\/v2\/product"}],"about":[{"href":"https:\/\/delosarroyos.com\/tienda\/wp-json\/wp\/v2\/types\/product"}],"wp:featuredmedia":[{"embeddable":true,"href":"https:\/\/delosarroyos.com\/tienda\/wp-json\/wp\/v2\/media\/4006"}],"wp:attachment":[{"href":"https:\/\/delosarroyos.com\/tienda\/wp-json\/wp\/v2\/media?parent=4005"}],"wp:term":[{"taxonomy":"product_brand","embeddable":true,"href":"https:\/\/delosarroyos.com\/tienda\/wp-json\/wp\/v2\/product_brand?post=4005"},{"taxonomy":"product_cat","embeddable":true,"href":"https:\/\/delosarroyos.com\/tienda\/wp-json\/wp\/v2\/product_cat?post=4005"},{"taxonomy":"product_tag","embeddable":true,"href":"https:\/\/delosarroyos.com\/tienda\/wp-json\/wp\/v2\/product_tag?post=4005"}],"curies":[{"name":"wp","href":"https:\/\/api.w.org\/{rel}","templated":true}]}}