





























{"id":4007,"date":"2026-03-27T08:26:43","date_gmt":"2026-03-27T11:26:43","guid":{"rendered":"https:\/\/delosarroyos.com\/tienda\/?post_type=product&#038;p=4007"},"modified":"2026-04-06T09:16:22","modified_gmt":"2026-04-06T12:16:22","slug":"secarropas-koh-i-noor-c-765","status":"publish","type":"product","link":"https:\/\/delosarroyos.com\/tienda\/producto\/secarropas-koh-i-noor-c-765\/","title":{"rendered":"SECARROPAS KOH-I-NOOR C-765"},"content":{"rendered":"<p>Alto 71.2 cm.<br \/>\nCapacidad 6.5 kg<br \/>\nOrigen Producci\u00f3n Argentina<br \/>\nMaterial Exterior Polipropileno<br \/>\nN\u00b0 de certificado Seguridad El\u00e9ctrica DC-E-A151-001.1 (M8)<br \/>\nCertificadora IRAM<br \/>\nTapa transl\u00facida<br \/>\nDi\u00e1metro 36 cm<\/p>\n","protected":false},"excerpt":{"rendered":"<p>Alto 71.2 cm. Capacidad 6.5 kg Origen Producci\u00f3n Argentina Material Exterior Polipropileno N\u00b0 de certificado Seguridad El\u00e9ctrica DC-E-A151-001.1 (M8) Certificadora IRAM Tapa transl\u00facida Di\u00e1metro 36 cm<\/p>\n","protected":false},"featured_media":4008,"template":"","meta":[],"product_brand":[],"product_cat":[15,69,123],"product_tag":[],"class_list":{"0":"post-4007","1":"product","2":"type-product","3":"status-publish","4":"has-post-thumbnail","6":"product_cat-todos-los-productos","7":"product_cat-productos-cocinas","8":"product_cat-lavado","10":"first","11":"instock","12":"sold-individually","13":"shipping-taxable","14":"purchasable","15":"product-type-simple"},"_links":{"self":[{"href":"https:\/\/delosarroyos.com\/tienda\/wp-json\/wp\/v2\/product\/4007","targetHints":{"allow":["GET"]}}],"collection":[{"href":"https:\/\/delosarroyos.com\/tienda\/wp-json\/wp\/v2\/product"}],"about":[{"href":"https:\/\/delosarroyos.com\/tienda\/wp-json\/wp\/v2\/types\/product"}],"wp:featuredmedia":[{"embeddable":true,"href":"https:\/\/delosarroyos.com\/tienda\/wp-json\/wp\/v2\/media\/4008"}],"wp:attachment":[{"href":"https:\/\/delosarroyos.com\/tienda\/wp-json\/wp\/v2\/media?parent=4007"}],"wp:term":[{"taxonomy":"product_brand","embeddable":true,"href":"https:\/\/delosarroyos.com\/tienda\/wp-json\/wp\/v2\/product_brand?post=4007"},{"taxonomy":"product_cat","embeddable":true,"href":"https:\/\/delosarroyos.com\/tienda\/wp-json\/wp\/v2\/product_cat?post=4007"},{"taxonomy":"product_tag","embeddable":true,"href":"https:\/\/delosarroyos.com\/tienda\/wp-json\/wp\/v2\/product_tag?post=4007"}],"curies":[{"name":"wp","href":"https:\/\/api.w.org\/{rel}","templated":true}]}}