





























{"id":4023,"date":"2026-04-09T08:54:38","date_gmt":"2026-04-09T11:54:38","guid":{"rendered":"https:\/\/delosarroyos.com\/tienda\/?post_type=product&#038;p=4023"},"modified":"2026-04-24T09:18:23","modified_gmt":"2026-04-24T12:18:23","slug":"cocina-ormay-tempo-negra","status":"publish","type":"product","link":"https:\/\/delosarroyos.com\/tienda\/producto\/cocina-ormay-tempo-negra\/","title":{"rendered":"COCINA ORMAY TEMPO NEGRA"},"content":{"rendered":"<ul>\n<li>Multig\u00e1s<\/li>\n<li>Timer sonoro<\/li>\n<li>Rejillas de fundici\u00f3n<\/li>\n<li>Encendido en horno y hornallas<\/li>\n<li>Luz en horno<\/li>\n<li>Caj\u00f3n parilla deslizable<\/li>\n<li>Horno Easy to Clean<\/li>\n<li>Eficiencia horno A+<\/li>\n<li>Eficiencia hornallas A<\/li>\n<li>V\u00e1lvula de Seg. en horno y hornallas<\/li>\n<\/ul>\n<p><strong>DIMENSIONES:<\/strong><\/p>\n<ul>\n<li>Ancho: 57,60 cm.<\/li>\n<li>Alto: 85,50 cm.<\/li>\n<li>Profundidad: 54,50cm.<\/li>\n<\/ul>\n","protected":false},"excerpt":{"rendered":"<p>Multig\u00e1s Timer sonoro Rejillas de fundici\u00f3n Encendido en horno y hornallas Luz en horno Caj\u00f3n parilla deslizable Horno Easy to Clean Eficiencia horno A+ Eficiencia hornallas A V\u00e1lvula de Seg. en horno y hornallas DIMENSIONES: Ancho: 57,60 cm. Alto: 85,50 cm. Profundidad: 54,50cm.<\/p>\n","protected":false},"featured_media":4024,"template":"","meta":[],"product_brand":[],"product_cat":[15,69,90],"product_tag":[],"class_list":{"0":"post-4023","1":"product","2":"type-product","3":"status-publish","4":"has-post-thumbnail","6":"product_cat-todos-los-productos","7":"product_cat-productos-cocinas","8":"product_cat-cocina","10":"first","11":"instock","12":"sold-individually","13":"shipping-taxable","14":"purchasable","15":"product-type-simple"},"_links":{"self":[{"href":"https:\/\/delosarroyos.com\/tienda\/wp-json\/wp\/v2\/product\/4023","targetHints":{"allow":["GET"]}}],"collection":[{"href":"https:\/\/delosarroyos.com\/tienda\/wp-json\/wp\/v2\/product"}],"about":[{"href":"https:\/\/delosarroyos.com\/tienda\/wp-json\/wp\/v2\/types\/product"}],"wp:featuredmedia":[{"embeddable":true,"href":"https:\/\/delosarroyos.com\/tienda\/wp-json\/wp\/v2\/media\/4024"}],"wp:attachment":[{"href":"https:\/\/delosarroyos.com\/tienda\/wp-json\/wp\/v2\/media?parent=4023"}],"wp:term":[{"taxonomy":"product_brand","embeddable":true,"href":"https:\/\/delosarroyos.com\/tienda\/wp-json\/wp\/v2\/product_brand?post=4023"},{"taxonomy":"product_cat","embeddable":true,"href":"https:\/\/delosarroyos.com\/tienda\/wp-json\/wp\/v2\/product_cat?post=4023"},{"taxonomy":"product_tag","embeddable":true,"href":"https:\/\/delosarroyos.com\/tienda\/wp-json\/wp\/v2\/product_tag?post=4023"}],"curies":[{"name":"wp","href":"https:\/\/api.w.org\/{rel}","templated":true}]}}