





























{"id":4036,"date":"2026-04-10T10:09:00","date_gmt":"2026-04-10T13:09:00","guid":{"rendered":"https:\/\/delosarroyos.com\/tienda\/?post_type=product&#038;p=4036"},"modified":"2026-04-10T10:09:00","modified_gmt":"2026-04-10T13:09:00","slug":"parlante-portatil-noblex-psb2000p-60w","status":"publish","type":"product","link":"https:\/\/delosarroyos.com\/tienda\/producto\/parlante-portatil-noblex-psb2000p-60w\/","title":{"rendered":"PARLANTE PORTATIL NOBLEX PSB2000P 60W"},"content":{"rendered":"<ul class=\"ui-vpp-highlighted-specs__features-list\">\n<li class=\"ui-vpp-highlighted-specs__features-list-item ui-pdp-color--BLACK ui-pdp-size--XSMALL ui-pdp-family--REGULAR\">Voltaje: 220V.<\/li>\n<li class=\"ui-vpp-highlighted-specs__features-list-item ui-pdp-color--BLACK ui-pdp-size--XSMALL ui-pdp-family--REGULAR\">Con Bluetooth V5.3 ofrece conexi\u00f3n inal\u00e1mbrica r\u00e1pida y estable para m\u00fasica sin interrupciones.<\/li>\n<li class=\"ui-vpp-highlighted-specs__features-list-item ui-pdp-color--BLACK ui-pdp-size--XSMALL ui-pdp-family--REGULAR\">Con clasificaci\u00f3n IPX6, es resistente al agua para uso seguro en exteriores o entornos h\u00famedos.<\/li>\n<li class=\"ui-vpp-highlighted-specs__features-list-item ui-pdp-color--BLACK ui-pdp-size--XSMALL ui-pdp-family--REGULAR\">Potencia de salida de 60W y sistema TWS que permite emparejamiento para un sonido est\u00e9reo envolvente.<\/li>\n<li class=\"ui-vpp-highlighted-specs__features-list-item ui-pdp-color--BLACK ui-pdp-size--XSMALL ui-pdp-family--REGULAR\">Autonom\u00eda de bater\u00eda de 8 h ofrece largas jornadas de m\u00fasica continua sin necesidad de carga frecuente.<\/li>\n<li class=\"ui-vpp-highlighted-specs__features-list-item ui-pdp-color--BLACK ui-pdp-size--XSMALL ui-pdp-family--REGULAR\">Incorpora luces RGB que a\u00f1aden un efecto visual a tus eventos, ideal para fiestas y reuniones.<\/li>\n<li class=\"ui-vpp-highlighted-specs__features-list-item ui-pdp-color--BLACK ui-pdp-size--XSMALL ui-pdp-family--REGULAR\">Con funci\u00f3n manos libres, responde llamadas sin dejar de disfrutar tu m\u00fasica o interrumpir el ambiente.<\/li>\n<\/ul>\n","protected":false},"excerpt":{"rendered":"<p>Voltaje: 220V. Con Bluetooth V5.3 ofrece conexi\u00f3n inal\u00e1mbrica r\u00e1pida y estable para m\u00fasica sin interrupciones. Con clasificaci\u00f3n IPX6, es resistente al agua para uso seguro en exteriores o entornos h\u00famedos. Potencia de salida de 60W y sistema TWS que permite emparejamiento para un sonido est\u00e9reo envolvente. Autonom\u00eda de bater\u00eda de 8 h ofrece largas jornadas [&#8230;]\n","protected":false},"featured_media":4037,"template":"","meta":[],"product_brand":[],"product_cat":[15,102,134],"product_tag":[],"class_list":{"0":"post-4036","1":"product","2":"type-product","3":"status-publish","4":"has-post-thumbnail","6":"product_cat-todos-los-productos","7":"product_cat-tecnologia","8":"product_cat-tv-audio-y-video","10":"first","11":"instock","12":"sold-individually","13":"shipping-taxable","14":"purchasable","15":"product-type-simple"},"_links":{"self":[{"href":"https:\/\/delosarroyos.com\/tienda\/wp-json\/wp\/v2\/product\/4036","targetHints":{"allow":["GET"]}}],"collection":[{"href":"https:\/\/delosarroyos.com\/tienda\/wp-json\/wp\/v2\/product"}],"about":[{"href":"https:\/\/delosarroyos.com\/tienda\/wp-json\/wp\/v2\/types\/product"}],"wp:featuredmedia":[{"embeddable":true,"href":"https:\/\/delosarroyos.com\/tienda\/wp-json\/wp\/v2\/media\/4037"}],"wp:attachment":[{"href":"https:\/\/delosarroyos.com\/tienda\/wp-json\/wp\/v2\/media?parent=4036"}],"wp:term":[{"taxonomy":"product_brand","embeddable":true,"href":"https:\/\/delosarroyos.com\/tienda\/wp-json\/wp\/v2\/product_brand?post=4036"},{"taxonomy":"product_cat","embeddable":true,"href":"https:\/\/delosarroyos.com\/tienda\/wp-json\/wp\/v2\/product_cat?post=4036"},{"taxonomy":"product_tag","embeddable":true,"href":"https:\/\/delosarroyos.com\/tienda\/wp-json\/wp\/v2\/product_tag?post=4036"}],"curies":[{"name":"wp","href":"https:\/\/api.w.org\/{rel}","templated":true}]}}