





























{"id":4038,"date":"2026-04-10T10:19:29","date_gmt":"2026-04-10T13:19:29","guid":{"rendered":"https:\/\/delosarroyos.com\/tienda\/?post_type=product&#038;p=4038"},"modified":"2026-04-10T10:24:51","modified_gmt":"2026-04-10T13:24:51","slug":"parlante-portatil-philco-sph609-20w","status":"publish","type":"product","link":"https:\/\/delosarroyos.com\/tienda\/producto\/parlante-portatil-philco-sph609-20w\/","title":{"rendered":"PARLANTE PORTATIL PHILCO SPH609 20W"},"content":{"rendered":"<ul class=\"ui-vpp-highlighted-specs__features-list\">\n<li class=\"ui-vpp-highlighted-specs__features-list-item ui-pdp-color--BLACK ui-pdp-size--XSMALL ui-pdp-family--REGULAR\">La potencia de 20 W con doble woofer genera una salida sonora constante para espacios abiertos y uso al aire libre.<\/li>\n<li class=\"ui-vpp-highlighted-specs__features-list-item ui-pdp-color--BLACK ui-pdp-size--XSMALL ui-pdp-family--REGULAR\">La certificaci\u00f3n IP65 permite el uso del equipo cerca de piletas o en entornos h\u00famedos sin riesgo por salpicaduras.<\/li>\n<li class=\"ui-vpp-highlighted-specs__features-list-item ui-pdp-color--BLACK ui-pdp-size--XSMALL ui-pdp-family--REGULAR\">La bater\u00eda interna recargable proporciona hasta 9 horas de reproducci\u00f3n continua de m\u00fasica en una carga completa.<\/li>\n<li class=\"ui-vpp-highlighted-specs__features-list-item ui-pdp-color--BLACK ui-pdp-size--XSMALL ui-pdp-family--REGULAR\">El puerto USB Tipo C permite recargar la bater\u00eda del dispositivo mediante cables est\u00e1ndar de telefon\u00eda m\u00f3vil.<\/li>\n<li class=\"ui-vpp-highlighted-specs__features-list-item ui-pdp-color--BLACK ui-pdp-size--XSMALL ui-pdp-family--REGULAR\">La conectividad Bluetooth vincula tel\u00e9fonos o tablets para reproducir audio inal\u00e1mbrico desde aplicaciones de streaming.<\/li>\n<\/ul>\n","protected":false},"excerpt":{"rendered":"<p>La potencia de 20 W con doble woofer genera una salida sonora constante para espacios abiertos y uso al aire libre. La certificaci\u00f3n IP65 permite el uso del equipo cerca de piletas o en entornos h\u00famedos sin riesgo por salpicaduras. La bater\u00eda interna recargable proporciona hasta 9 horas de reproducci\u00f3n continua de m\u00fasica en una [&#8230;]\n","protected":false},"featured_media":4039,"template":"","meta":[],"product_brand":[],"product_cat":[15,102,134],"product_tag":[],"class_list":{"0":"post-4038","1":"product","2":"type-product","3":"status-publish","4":"has-post-thumbnail","6":"product_cat-todos-los-productos","7":"product_cat-tecnologia","8":"product_cat-tv-audio-y-video","10":"first","11":"instock","12":"sold-individually","13":"shipping-taxable","14":"purchasable","15":"product-type-simple"},"_links":{"self":[{"href":"https:\/\/delosarroyos.com\/tienda\/wp-json\/wp\/v2\/product\/4038","targetHints":{"allow":["GET"]}}],"collection":[{"href":"https:\/\/delosarroyos.com\/tienda\/wp-json\/wp\/v2\/product"}],"about":[{"href":"https:\/\/delosarroyos.com\/tienda\/wp-json\/wp\/v2\/types\/product"}],"wp:featuredmedia":[{"embeddable":true,"href":"https:\/\/delosarroyos.com\/tienda\/wp-json\/wp\/v2\/media\/4039"}],"wp:attachment":[{"href":"https:\/\/delosarroyos.com\/tienda\/wp-json\/wp\/v2\/media?parent=4038"}],"wp:term":[{"taxonomy":"product_brand","embeddable":true,"href":"https:\/\/delosarroyos.com\/tienda\/wp-json\/wp\/v2\/product_brand?post=4038"},{"taxonomy":"product_cat","embeddable":true,"href":"https:\/\/delosarroyos.com\/tienda\/wp-json\/wp\/v2\/product_cat?post=4038"},{"taxonomy":"product_tag","embeddable":true,"href":"https:\/\/delosarroyos.com\/tienda\/wp-json\/wp\/v2\/product_tag?post=4038"}],"curies":[{"name":"wp","href":"https:\/\/api.w.org\/{rel}","templated":true}]}}