





























{"id":4044,"date":"2026-04-17T09:51:45","date_gmt":"2026-04-17T12:51:45","guid":{"rendered":"https:\/\/delosarroyos.com\/tienda\/?post_type=product&#038;p=4044"},"modified":"2026-04-17T10:07:27","modified_gmt":"2026-04-17T13:07:27","slug":"termotanque-senorial-zafiro-2-0-50l-electrico-c-i","status":"publish","type":"product","link":"https:\/\/delosarroyos.com\/tienda\/producto\/termotanque-senorial-zafiro-2-0-50l-electrico-c-i\/","title":{"rendered":"TERMOTANQUE SE\u00d1ORIAL ZAFIRO 2.0 50L ELECTRICO C\/I"},"content":{"rendered":"<p><strong>Capacidad de 50 litros:<\/strong>\u00a0ideal para mayor demanda de agua caliente.<\/p>\n<p><strong>Potencia de 1800W:<\/strong>\u00a0calentamiento r\u00e1pido y eficiente.<\/p>\n<p><strong>Instalaci\u00f3n colgar inferior:<\/strong>\u00a0optimiza el espacio y facilita su colocaci\u00f3n.<\/p>\n<p><strong>Dise\u00f1o compacto:<\/strong>\u00a0adaptable a distintos ambientes del hogar.<\/p>\n<p><strong>Estructura resistente:<\/strong>\u00a0mayor durabilidad para uso continuo.<\/p>\n<p><strong>Uso el\u00e9ctrico:<\/strong>\u00a0pr\u00e1ctico, seguro y de f\u00e1cil instalaci\u00f3n<\/p>\n","protected":false},"excerpt":{"rendered":"<p>Capacidad de 50 litros:\u00a0ideal para mayor demanda de agua caliente. Potencia de 1800W:\u00a0calentamiento r\u00e1pido y eficiente. Instalaci\u00f3n colgar inferior:\u00a0optimiza el espacio y facilita su colocaci\u00f3n. Dise\u00f1o compacto:\u00a0adaptable a distintos ambientes del hogar. Estructura resistente:\u00a0mayor durabilidad para uso continuo. Uso el\u00e9ctrico:\u00a0pr\u00e1ctico, seguro y de f\u00e1cil instalaci\u00f3n<\/p>\n","protected":false},"featured_media":4052,"template":"","meta":[],"product_brand":[],"product_cat":[15,69,108],"product_tag":[],"class_list":{"0":"post-4044","1":"product","2":"type-product","3":"status-publish","4":"has-post-thumbnail","6":"product_cat-todos-los-productos","7":"product_cat-productos-cocinas","8":"product_cat-termotanques","10":"first","11":"instock","12":"sold-individually","13":"shipping-taxable","14":"purchasable","15":"product-type-simple"},"_links":{"self":[{"href":"https:\/\/delosarroyos.com\/tienda\/wp-json\/wp\/v2\/product\/4044","targetHints":{"allow":["GET"]}}],"collection":[{"href":"https:\/\/delosarroyos.com\/tienda\/wp-json\/wp\/v2\/product"}],"about":[{"href":"https:\/\/delosarroyos.com\/tienda\/wp-json\/wp\/v2\/types\/product"}],"wp:featuredmedia":[{"embeddable":true,"href":"https:\/\/delosarroyos.com\/tienda\/wp-json\/wp\/v2\/media\/4052"}],"wp:attachment":[{"href":"https:\/\/delosarroyos.com\/tienda\/wp-json\/wp\/v2\/media?parent=4044"}],"wp:term":[{"taxonomy":"product_brand","embeddable":true,"href":"https:\/\/delosarroyos.com\/tienda\/wp-json\/wp\/v2\/product_brand?post=4044"},{"taxonomy":"product_cat","embeddable":true,"href":"https:\/\/delosarroyos.com\/tienda\/wp-json\/wp\/v2\/product_cat?post=4044"},{"taxonomy":"product_tag","embeddable":true,"href":"https:\/\/delosarroyos.com\/tienda\/wp-json\/wp\/v2\/product_tag?post=4044"}],"curies":[{"name":"wp","href":"https:\/\/api.w.org\/{rel}","templated":true}]}}