





























{"id":4062,"date":"2026-04-17T10:25:55","date_gmt":"2026-04-17T13:25:55","guid":{"rendered":"https:\/\/delosarroyos.com\/tienda\/?post_type=product&#038;p=4062"},"modified":"2026-04-17T10:27:09","modified_gmt":"2026-04-17T13:27:09","slug":"nebulizador-a-piston-aspen-br-cn176","status":"publish","type":"product","link":"https:\/\/delosarroyos.com\/tienda\/producto\/nebulizador-a-piston-aspen-br-cn176\/","title":{"rendered":"NEBULIZADOR A PISTON ASPEN BR-CN176"},"content":{"rendered":"<p>&#8211;\u00a0<strong>Tecnolog\u00eda a pist\u00f3n: permite nebulizar todo tipo de soluciones incluyendo antibi\u00f3ticos y f\u00e1rmacos en suspensi\u00f3n como corticoides<\/strong><br \/>\n&#8211; Eficiente<br \/>\n&#8211; Bajo nivel de ruido.<br \/>\n&#8211; Durabilidad.<br \/>\n&#8211; De f\u00e1cil transportar<\/p>\n<p><b>Medidas (Pack + producto)<\/b><br \/>\nPeso 1,33 kg.<br \/>\nAlto\u00a015.2 cm.<br \/>\nAncho 13.5 cm.<br \/>\nLargo 18.5 cm<\/p>\n","protected":false},"excerpt":{"rendered":"<p>&#8211;\u00a0Tecnolog\u00eda a pist\u00f3n: permite nebulizar todo tipo de soluciones incluyendo antibi\u00f3ticos y f\u00e1rmacos en suspensi\u00f3n como corticoides &#8211; Eficiente &#8211; Bajo nivel de ruido. &#8211; Durabilidad. &#8211; De f\u00e1cil transportar Medidas (Pack + producto) Peso 1,33 kg. Alto\u00a015.2 cm. Ancho 13.5 cm. Largo 18.5 cm<\/p>\n","protected":false},"featured_media":4063,"template":"","meta":[],"product_brand":[],"product_cat":[15,116,96],"product_tag":[],"class_list":{"0":"post-4062","1":"product","2":"type-product","3":"status-publish","4":"has-post-thumbnail","6":"product_cat-todos-los-productos","7":"product_cat-salud-y-belleza","8":"product_cat-salud-y-bienestar","10":"first","11":"instock","12":"shipping-taxable","13":"purchasable","14":"product-type-simple"},"_links":{"self":[{"href":"https:\/\/delosarroyos.com\/tienda\/wp-json\/wp\/v2\/product\/4062","targetHints":{"allow":["GET"]}}],"collection":[{"href":"https:\/\/delosarroyos.com\/tienda\/wp-json\/wp\/v2\/product"}],"about":[{"href":"https:\/\/delosarroyos.com\/tienda\/wp-json\/wp\/v2\/types\/product"}],"wp:featuredmedia":[{"embeddable":true,"href":"https:\/\/delosarroyos.com\/tienda\/wp-json\/wp\/v2\/media\/4063"}],"wp:attachment":[{"href":"https:\/\/delosarroyos.com\/tienda\/wp-json\/wp\/v2\/media?parent=4062"}],"wp:term":[{"taxonomy":"product_brand","embeddable":true,"href":"https:\/\/delosarroyos.com\/tienda\/wp-json\/wp\/v2\/product_brand?post=4062"},{"taxonomy":"product_cat","embeddable":true,"href":"https:\/\/delosarroyos.com\/tienda\/wp-json\/wp\/v2\/product_cat?post=4062"},{"taxonomy":"product_tag","embeddable":true,"href":"https:\/\/delosarroyos.com\/tienda\/wp-json\/wp\/v2\/product_tag?post=4062"}],"curies":[{"name":"wp","href":"https:\/\/api.w.org\/{rel}","templated":true}]}}