





























{"id":4064,"date":"2026-04-17T10:29:58","date_gmt":"2026-04-17T13:29:58","guid":{"rendered":"https:\/\/delosarroyos.com\/tienda\/?post_type=product&#038;p=4064"},"modified":"2026-04-17T10:29:58","modified_gmt":"2026-04-17T13:29:58","slug":"nebulizador-ultrasonico-aspen-nu320fe-plus","status":"publish","type":"product","link":"https:\/\/delosarroyos.com\/tienda\/producto\/nebulizador-ultrasonico-aspen-nu320fe-plus\/","title":{"rendered":"NEBULIZADOR ULTRASONICO ASPEN NU320FE PLUS"},"content":{"rendered":"<p><b>Nebulizador ultras\u00f3nico, pueden nebulizar todo tipo de soluciones y grandes vol\u00famenes de l\u00edquidos en cortos per\u00edodos de tiempo.<\/b><br \/>\n&#8211; Ultra silenciosos, ultra compacto, mas liviano<br \/>\n&#8211; \u00danico sistema de mono c\u00e1mara,\u00a0 donde la medicaci\u00f3n se aplica directamente en el reservorio ( mas simple de usar, f\u00e1cil de limpiar y menos contaminante)<br \/>\n&#8211; Con tecnolog\u00eda\u00a0pulsante, garantiza una nebulizaci\u00f3n en corto tiempo y bajo y bajo residual de la soluci\u00f3n utilizable, optimizando el rendimiento de la misma. Con regulador de niebla.<br \/>\n<b>Medidas (Pack + producto)<\/b><br \/>\nPeso 0.80kg.<br \/>\nAlto 135mm<br \/>\nAncho 215mm<br \/>\nProfundidad 182mm<\/p>\n","protected":false},"excerpt":{"rendered":"<p>Nebulizador ultras\u00f3nico, pueden nebulizar todo tipo de soluciones y grandes vol\u00famenes de l\u00edquidos en cortos per\u00edodos de tiempo. &#8211; Ultra silenciosos, ultra compacto, mas liviano &#8211; \u00danico sistema de mono c\u00e1mara,\u00a0 donde la medicaci\u00f3n se aplica directamente en el reservorio ( mas simple de usar, f\u00e1cil de limpiar y menos contaminante) &#8211; Con tecnolog\u00eda\u00a0pulsante, garantiza [&#8230;]\n","protected":false},"featured_media":4065,"template":"","meta":[],"product_brand":[],"product_cat":[15,116,96],"product_tag":[],"class_list":{"0":"post-4064","1":"product","2":"type-product","3":"status-publish","4":"has-post-thumbnail","6":"product_cat-todos-los-productos","7":"product_cat-salud-y-belleza","8":"product_cat-salud-y-bienestar","10":"first","11":"instock","12":"sold-individually","13":"shipping-taxable","14":"purchasable","15":"product-type-simple"},"_links":{"self":[{"href":"https:\/\/delosarroyos.com\/tienda\/wp-json\/wp\/v2\/product\/4064","targetHints":{"allow":["GET"]}}],"collection":[{"href":"https:\/\/delosarroyos.com\/tienda\/wp-json\/wp\/v2\/product"}],"about":[{"href":"https:\/\/delosarroyos.com\/tienda\/wp-json\/wp\/v2\/types\/product"}],"wp:featuredmedia":[{"embeddable":true,"href":"https:\/\/delosarroyos.com\/tienda\/wp-json\/wp\/v2\/media\/4065"}],"wp:attachment":[{"href":"https:\/\/delosarroyos.com\/tienda\/wp-json\/wp\/v2\/media?parent=4064"}],"wp:term":[{"taxonomy":"product_brand","embeddable":true,"href":"https:\/\/delosarroyos.com\/tienda\/wp-json\/wp\/v2\/product_brand?post=4064"},{"taxonomy":"product_cat","embeddable":true,"href":"https:\/\/delosarroyos.com\/tienda\/wp-json\/wp\/v2\/product_cat?post=4064"},{"taxonomy":"product_tag","embeddable":true,"href":"https:\/\/delosarroyos.com\/tienda\/wp-json\/wp\/v2\/product_tag?post=4064"}],"curies":[{"name":"wp","href":"https:\/\/api.w.org\/{rel}","templated":true}]}}