





























{"id":4080,"date":"2026-04-27T09:53:32","date_gmt":"2026-04-27T12:53:32","guid":{"rendered":"https:\/\/delosarroyos.com\/tienda\/?post_type=product&#038;p=4080"},"modified":"2026-04-27T09:53:32","modified_gmt":"2026-04-27T12:53:32","slug":"freezer-horizontal-midea-mdrc284fze01-194l-inver","status":"publish","type":"product","link":"https:\/\/delosarroyos.com\/tienda\/producto\/freezer-horizontal-midea-mdrc284fze01-194l-inver\/","title":{"rendered":"FREEZER HORIZONTAL MIDEA MDRC284FZE01 194L INVER"},"content":{"rendered":"<p>Capacidad total \u00fatil (Lts) 194L<br \/>\nColor Blanco<br \/>\nCongelamiento extra r\u00e1pido Si<br \/>\nConvertible a Heladera Si<br \/>\nDimensiones (ancho x alto x profundidad mm) 770 x 850 x 560<br \/>\nDisplay No<br \/>\nEficiencia energ\u00e9tica A+<br \/>\nIluminaci\u00f3n No<br \/>\nNo Frost No<br \/>\nTipo control Mec\u00e1nico<br \/>\nRuedas de desplazamiento Si<\/p>\n","protected":false},"excerpt":{"rendered":"<p>Capacidad total \u00fatil (Lts) 194L Color Blanco Congelamiento extra r\u00e1pido Si Convertible a Heladera Si Dimensiones (ancho x alto x profundidad mm) 770 x 850 x 560 Display No Eficiencia energ\u00e9tica A+ Iluminaci\u00f3n No No Frost No Tipo control Mec\u00e1nico Ruedas de desplazamiento Si<\/p>\n","protected":false},"featured_media":4081,"template":"","meta":[],"product_brand":[],"product_cat":[15,69,119],"product_tag":[],"class_list":{"0":"post-4080","1":"product","2":"type-product","3":"status-publish","4":"has-post-thumbnail","6":"product_cat-todos-los-productos","7":"product_cat-productos-cocinas","8":"product_cat-heladeras-y-freezers","10":"first","11":"instock","12":"sold-individually","13":"shipping-taxable","14":"purchasable","15":"product-type-simple"},"_links":{"self":[{"href":"https:\/\/delosarroyos.com\/tienda\/wp-json\/wp\/v2\/product\/4080","targetHints":{"allow":["GET"]}}],"collection":[{"href":"https:\/\/delosarroyos.com\/tienda\/wp-json\/wp\/v2\/product"}],"about":[{"href":"https:\/\/delosarroyos.com\/tienda\/wp-json\/wp\/v2\/types\/product"}],"wp:featuredmedia":[{"embeddable":true,"href":"https:\/\/delosarroyos.com\/tienda\/wp-json\/wp\/v2\/media\/4081"}],"wp:attachment":[{"href":"https:\/\/delosarroyos.com\/tienda\/wp-json\/wp\/v2\/media?parent=4080"}],"wp:term":[{"taxonomy":"product_brand","embeddable":true,"href":"https:\/\/delosarroyos.com\/tienda\/wp-json\/wp\/v2\/product_brand?post=4080"},{"taxonomy":"product_cat","embeddable":true,"href":"https:\/\/delosarroyos.com\/tienda\/wp-json\/wp\/v2\/product_cat?post=4080"},{"taxonomy":"product_tag","embeddable":true,"href":"https:\/\/delosarroyos.com\/tienda\/wp-json\/wp\/v2\/product_tag?post=4080"}],"curies":[{"name":"wp","href":"https:\/\/api.w.org\/{rel}","templated":true}]}}