





























{"id":4091,"date":"2026-04-30T08:10:15","date_gmt":"2026-04-30T11:10:15","guid":{"rendered":"https:\/\/delosarroyos.com\/tienda\/?post_type=product&#038;p=4091"},"modified":"2026-04-30T08:10:15","modified_gmt":"2026-04-30T11:10:15","slug":"verticalefactor-infraroja-liliana-cv027","status":"publish","type":"product","link":"https:\/\/delosarroyos.com\/tienda\/producto\/verticalefactor-infraroja-liliana-cv027\/","title":{"rendered":"VERTICALEFACTOR INFRAROJA LILIANA CV027"},"content":{"rendered":"<p>CV027 VERTICALEFACTOR INFRARROJO<br \/>\nDOBLE RESISTENCIA DE CUARZO:<br \/>\nCALOR R\u00c1PIDO Y EFICIENTE.<br \/>\nPANTALLA INTERIOR MET\u00c1LICA:<br \/>\nDURADERA Y RESISTENTE.<br \/>\n2 NIVELES DE POTENCIA: 600 W Y 1,200 W.<br \/>\nMANIJA ERGON\u00d3MICA: F\u00c1CIL<\/p>\n","protected":false},"excerpt":{"rendered":"<p>CV027 VERTICALEFACTOR INFRARROJO DOBLE RESISTENCIA DE CUARZO: CALOR R\u00c1PIDO Y EFICIENTE. PANTALLA INTERIOR MET\u00c1LICA: DURADERA Y RESISTENTE. 2 NIVELES DE POTENCIA: 600 W Y 1,200 W. MANIJA ERGON\u00d3MICA: F\u00c1CIL<\/p>\n","protected":false},"featured_media":4092,"template":"","meta":[],"product_brand":[],"product_cat":[15,69,118],"product_tag":[],"class_list":{"0":"post-4091","1":"product","2":"type-product","3":"status-publish","4":"has-post-thumbnail","6":"product_cat-todos-los-productos","7":"product_cat-productos-cocinas","8":"product_cat-climatizacion","10":"first","11":"instock","12":"shipping-taxable","13":"purchasable","14":"product-type-simple"},"_links":{"self":[{"href":"https:\/\/delosarroyos.com\/tienda\/wp-json\/wp\/v2\/product\/4091","targetHints":{"allow":["GET"]}}],"collection":[{"href":"https:\/\/delosarroyos.com\/tienda\/wp-json\/wp\/v2\/product"}],"about":[{"href":"https:\/\/delosarroyos.com\/tienda\/wp-json\/wp\/v2\/types\/product"}],"wp:featuredmedia":[{"embeddable":true,"href":"https:\/\/delosarroyos.com\/tienda\/wp-json\/wp\/v2\/media\/4092"}],"wp:attachment":[{"href":"https:\/\/delosarroyos.com\/tienda\/wp-json\/wp\/v2\/media?parent=4091"}],"wp:term":[{"taxonomy":"product_brand","embeddable":true,"href":"https:\/\/delosarroyos.com\/tienda\/wp-json\/wp\/v2\/product_brand?post=4091"},{"taxonomy":"product_cat","embeddable":true,"href":"https:\/\/delosarroyos.com\/tienda\/wp-json\/wp\/v2\/product_cat?post=4091"},{"taxonomy":"product_tag","embeddable":true,"href":"https:\/\/delosarroyos.com\/tienda\/wp-json\/wp\/v2\/product_tag?post=4091"}],"curies":[{"name":"wp","href":"https:\/\/api.w.org\/{rel}","templated":true}]}}