





























{"id":4093,"date":"2026-04-30T08:15:54","date_gmt":"2026-04-30T11:15:54","guid":{"rendered":"https:\/\/delosarroyos.com\/tienda\/?post_type=product&#038;p=4093"},"modified":"2026-04-30T08:16:03","modified_gmt":"2026-04-30T11:16:03","slug":"4093","status":"publish","type":"product","link":"https:\/\/delosarroyos.com\/tienda\/producto\/4093\/","title":{"rendered":"CALOVENTOR DE PARED LILIANA CWD951"},"content":{"rendered":"<ul>\n<li><b>Color:<\/b>\u00a0Blanco<\/li>\n<li><i class=\"icon-ok\"><\/i><b>Funcionalidades:<\/b>\u00a0Confort, ECO y Anti-Frost<\/li>\n<li><i class=\"icon-ok\"><\/i><b>Otras caracter\u00edsticas:<\/b>\u00a0puede controlarse tanto desde su panel t\u00e1ctil LED como por control remoto o v\u00eda Wi-Fi mediante una app m\u00f3vil.<\/li>\n<li><i class=\"icon-ok\"><\/i><b>Panel touch:<\/b>\u00a0Si<\/li>\n<li><i class=\"icon-ok\"><\/i><b>Potencia (W):<\/b>\u00a01000 y 2000<\/li>\n<li><i class=\"icon-ok\"><\/i><b>Protecci\u00f3n por Sobrecalentamiento:<\/b>\u00a0Si<\/li>\n<li><i class=\"icon-ok\"><\/i><b>Temperatura regulable:<\/b>\u00a01<\/li>\n<li><i class=\"icon-ok\"><\/i><b>Timer:<\/b>\u00a0de hasta 9 horas<\/li>\n<\/ul>\n","protected":false},"excerpt":{"rendered":"<p>Color:\u00a0Blanco Funcionalidades:\u00a0Confort, ECO y Anti-Frost Otras caracter\u00edsticas:\u00a0puede controlarse tanto desde su panel t\u00e1ctil LED como por control remoto o v\u00eda Wi-Fi mediante una app m\u00f3vil. Panel touch:\u00a0Si Potencia (W):\u00a01000 y 2000 Protecci\u00f3n por Sobrecalentamiento:\u00a0Si Temperatura regulable:\u00a01 Timer:\u00a0de hasta 9 horas<\/p>\n","protected":false},"featured_media":4094,"template":"","meta":[],"product_brand":[],"product_cat":[15,69,118],"product_tag":[],"class_list":{"0":"post-4093","1":"product","2":"type-product","3":"status-publish","4":"has-post-thumbnail","6":"product_cat-todos-los-productos","7":"product_cat-productos-cocinas","8":"product_cat-climatizacion","10":"first","11":"instock","12":"sold-individually","13":"shipping-taxable","14":"purchasable","15":"product-type-simple"},"_links":{"self":[{"href":"https:\/\/delosarroyos.com\/tienda\/wp-json\/wp\/v2\/product\/4093","targetHints":{"allow":["GET"]}}],"collection":[{"href":"https:\/\/delosarroyos.com\/tienda\/wp-json\/wp\/v2\/product"}],"about":[{"href":"https:\/\/delosarroyos.com\/tienda\/wp-json\/wp\/v2\/types\/product"}],"wp:featuredmedia":[{"embeddable":true,"href":"https:\/\/delosarroyos.com\/tienda\/wp-json\/wp\/v2\/media\/4094"}],"wp:attachment":[{"href":"https:\/\/delosarroyos.com\/tienda\/wp-json\/wp\/v2\/media?parent=4093"}],"wp:term":[{"taxonomy":"product_brand","embeddable":true,"href":"https:\/\/delosarroyos.com\/tienda\/wp-json\/wp\/v2\/product_brand?post=4093"},{"taxonomy":"product_cat","embeddable":true,"href":"https:\/\/delosarroyos.com\/tienda\/wp-json\/wp\/v2\/product_cat?post=4093"},{"taxonomy":"product_tag","embeddable":true,"href":"https:\/\/delosarroyos.com\/tienda\/wp-json\/wp\/v2\/product_tag?post=4093"}],"curies":[{"name":"wp","href":"https:\/\/api.w.org\/{rel}","templated":true}]}}