





























{"id":4099,"date":"2026-04-30T10:07:45","date_gmt":"2026-04-30T13:07:45","guid":{"rendered":"https:\/\/delosarroyos.com\/tienda\/?post_type=product&#038;p=4099"},"modified":"2026-04-30T10:09:16","modified_gmt":"2026-04-30T13:09:16","slug":"climatizador-para-cama-2-plazas-poliester","status":"publish","type":"product","link":"https:\/\/delosarroyos.com\/tienda\/producto\/climatizador-para-cama-2-plazas-poliester\/","title":{"rendered":"CLIMATIZADOR PARA CAMA 2 PLAZAS POLIESTER"},"content":{"rendered":"<p>Tipo Poli\u00e9ster<br \/>\nTama\u00f1o 160cm x 150cm (2 plazas)<br \/>\nLavable S\u00ed<br \/>\nNiveles de temperatura 3<br \/>\nTimer de apagado &#8211;<br \/>\nCantidad de comandos 2<br \/>\nPotencia por comando 60 W<br \/>\nCertificaciones &#8211;<br \/>\nDimensiones del embalaje 410 x 405 x 115 mm<\/p>\n","protected":false},"excerpt":{"rendered":"<p>Tipo Poli\u00e9ster Tama\u00f1o 160cm x 150cm (2 plazas) Lavable S\u00ed Niveles de temperatura 3 Timer de apagado &#8211; Cantidad de comandos 2 Potencia por comando 60 W Certificaciones &#8211; Dimensiones del embalaje 410 x 405 x 115 mm<\/p>\n","protected":false},"featured_media":4100,"template":"","meta":[],"product_brand":[],"product_cat":[15,122],"product_tag":[],"class_list":{"0":"post-4099","1":"product","2":"type-product","3":"status-publish","4":"has-post-thumbnail","6":"product_cat-todos-los-productos","7":"product_cat-muebles-y-colchones","9":"first","10":"instock","11":"sold-individually","12":"shipping-taxable","13":"purchasable","14":"product-type-simple"},"_links":{"self":[{"href":"https:\/\/delosarroyos.com\/tienda\/wp-json\/wp\/v2\/product\/4099","targetHints":{"allow":["GET"]}}],"collection":[{"href":"https:\/\/delosarroyos.com\/tienda\/wp-json\/wp\/v2\/product"}],"about":[{"href":"https:\/\/delosarroyos.com\/tienda\/wp-json\/wp\/v2\/types\/product"}],"wp:featuredmedia":[{"embeddable":true,"href":"https:\/\/delosarroyos.com\/tienda\/wp-json\/wp\/v2\/media\/4100"}],"wp:attachment":[{"href":"https:\/\/delosarroyos.com\/tienda\/wp-json\/wp\/v2\/media?parent=4099"}],"wp:term":[{"taxonomy":"product_brand","embeddable":true,"href":"https:\/\/delosarroyos.com\/tienda\/wp-json\/wp\/v2\/product_brand?post=4099"},{"taxonomy":"product_cat","embeddable":true,"href":"https:\/\/delosarroyos.com\/tienda\/wp-json\/wp\/v2\/product_cat?post=4099"},{"taxonomy":"product_tag","embeddable":true,"href":"https:\/\/delosarroyos.com\/tienda\/wp-json\/wp\/v2\/product_tag?post=4099"}],"curies":[{"name":"wp","href":"https:\/\/api.w.org\/{rel}","templated":true}]}}