





























{"id":4107,"date":"2026-04-30T10:15:00","date_gmt":"2026-04-30T13:15:00","guid":{"rendered":"https:\/\/delosarroyos.com\/tienda\/?post_type=product&#038;p=4107"},"modified":"2026-04-30T10:16:42","modified_gmt":"2026-04-30T13:16:42","slug":"nebulizador-minimesh-silfab-nm10","status":"publish","type":"product","link":"https:\/\/delosarroyos.com\/tienda\/producto\/nebulizador-minimesh-silfab-nm10\/","title":{"rendered":"NEBULIZADOR MINIMESH SILFAB NM10"},"content":{"rendered":"<p>Tecnologia Mesh<br \/>\nTama\u00f1o medio de part\u00edculas 2.8 um<br \/>\nCapacidad de nebulizaci\u00f3n 8 ml<br \/>\nTasa de nebulizaci\u00f3n 0.25 ml\/min<br \/>\nPresi\u00f3n de salida &#8211;<br \/>\nCaudal de aire &#8211;<br \/>\nCaudal de nebulizaci\u00f3n regulable &#8211;<br \/>\nFrecuencia de funcionamiento Uso Continuo<br \/>\nTama\u00f1o Mini<br \/>\nDestacados Apagado autom\u00e1tico, Funci\u00f3n autolimpieza del cabezal, Modalidad manos libres, Muy Silencioso<br \/>\nAlimentaci\u00f3n USB-C<br \/>\nCertificaciones<br \/>\nDimensiones del embalaje 170 x 90 x 90 mm<\/p>\n","protected":false},"excerpt":{"rendered":"<p>Tecnologia Mesh Tama\u00f1o medio de part\u00edculas 2.8 um Capacidad de nebulizaci\u00f3n 8 ml Tasa de nebulizaci\u00f3n 0.25 ml\/min Presi\u00f3n de salida &#8211; Caudal de aire &#8211; Caudal de nebulizaci\u00f3n regulable &#8211; Frecuencia de funcionamiento Uso Continuo Tama\u00f1o Mini Destacados Apagado autom\u00e1tico, Funci\u00f3n autolimpieza del cabezal, Modalidad manos libres, Muy Silencioso Alimentaci\u00f3n USB-C Certificaciones Dimensiones del [&#8230;]\n","protected":false},"featured_media":4109,"template":"","meta":[],"product_brand":[],"product_cat":[15,116,96],"product_tag":[],"class_list":{"0":"post-4107","1":"product","2":"type-product","3":"status-publish","4":"has-post-thumbnail","6":"product_cat-todos-los-productos","7":"product_cat-salud-y-belleza","8":"product_cat-salud-y-bienestar","10":"first","11":"instock","12":"sold-individually","13":"shipping-taxable","14":"purchasable","15":"product-type-simple"},"_links":{"self":[{"href":"https:\/\/delosarroyos.com\/tienda\/wp-json\/wp\/v2\/product\/4107","targetHints":{"allow":["GET"]}}],"collection":[{"href":"https:\/\/delosarroyos.com\/tienda\/wp-json\/wp\/v2\/product"}],"about":[{"href":"https:\/\/delosarroyos.com\/tienda\/wp-json\/wp\/v2\/types\/product"}],"wp:featuredmedia":[{"embeddable":true,"href":"https:\/\/delosarroyos.com\/tienda\/wp-json\/wp\/v2\/media\/4109"}],"wp:attachment":[{"href":"https:\/\/delosarroyos.com\/tienda\/wp-json\/wp\/v2\/media?parent=4107"}],"wp:term":[{"taxonomy":"product_brand","embeddable":true,"href":"https:\/\/delosarroyos.com\/tienda\/wp-json\/wp\/v2\/product_brand?post=4107"},{"taxonomy":"product_cat","embeddable":true,"href":"https:\/\/delosarroyos.com\/tienda\/wp-json\/wp\/v2\/product_cat?post=4107"},{"taxonomy":"product_tag","embeddable":true,"href":"https:\/\/delosarroyos.com\/tienda\/wp-json\/wp\/v2\/product_tag?post=4107"}],"curies":[{"name":"wp","href":"https:\/\/api.w.org\/{rel}","templated":true}]}}